{"id":997,"date":"2025-07-22T14:28:44","date_gmt":"2025-07-22T12:28:44","guid":{"rendered":"https:\/\/italiangamingexpo.com\/termini-condizioni\/"},"modified":"2025-07-22T14:28:44","modified_gmt":"2025-07-22T12:28:44","slug":"termini-condizioni","status":"publish","type":"page","link":"https:\/\/italiangamingexpo.com\/en\/termini-condizioni\/","title":{"rendered":"Termini e Condizioni"},"content":{"rendered":"\t\t<div data-elementor-type=\"wp-page\" data-elementor-id=\"997\" class=\"elementor elementor-997 elementor-596\" data-elementor-post-type=\"page\">\n\t\t\t\t<div class=\"elementor-element elementor-element-85c2c09 e-flex e-con-boxed e-con e-parent\" data-id=\"85c2c09\" data-element_type=\"container\" data-e-type=\"container\">\n\t\t\t\t\t<div class=\"e-con-inner\">\n\t\t\t\t<div class=\"elementor-element elementor-element-0bfe3de elementor-widget elementor-widget-text-editor\" data-id=\"0bfe3de\" data-element_type=\"widget\" data-e-type=\"widget\" data-widget_type=\"text-editor.default\">\n\t\t\t\t\t\t\t\t\t<div id=\"general-28175511-ee6a-4c48-3d55-4c962bccee53\" class=\"ev-general-content group-wrapper \"><h2 class=\"content-title ct-title text-center\">Quota di partecipazione<\/h2><div class=\"content-body ct-desc\"><p>La quota di adesione comprende la partecipazione all\u2019evento identificato nel presente modulo la relativa eventuale documentazione didattica in formato cartaceo e\/o elettronico a seconda del caso, nonch\u00e9 colazione e\/o coffee break (ove previsti).<\/p><\/div><\/div><div id=\"general-de878b4b-d2ca-027c-14ee-10e777c0a734\" class=\"ev-general-content group-wrapper \"><h2 class=\"content-title ct-title text-center\">Diritto di recesso ed iscrizione sostituto<\/h2><div class=\"content-body ct-desc\"><p>Fatto salvo quanto previsto dal D.lgs. 206\/2005 in relazione al diritto di recesso del consumatore limitatamente ai casi in cui lo stesso risulti applicabile, il partecipante ha il diritto di disdire la propria partecipazione all\u2019evento\/corso entro e non oltre 14 giorni di calendario (nei quali siano comunque sempre compresi almeno 10 giorni lavorativi, ad es, in caso di festivit\u00e0 nazionali) decorrenti dal ricevimento da parte di GN MEdia \u2013, senza alcuna penalit\u00e0 e senza specificarne il motivo, attraverso l\u2019invio di una comunicazione scritta\u00a0indirizzata a\u00a0GN MEDIA S.R.L. con sede in Terni, Corso Tacito n. 101, c.f. \/ P.I. 01419700552\u00a0raccomandata a\/r\u00a0. La comunicazione pu\u00f2 essere inviata, entro lo stesso termine, anche mediante posta elettronica semplice o certificata oppure fax, a condizione che sia confermata mediante raccomandata a\/r entro le quarantotto ore successive. Decorso tale termine, non sar\u00e0 pi\u00f9 possibile esercitare il diritto di recesso; pertanto, in tal caso il partecipante sar\u00e0 tenuto al pagamento dell\u2019intera quota di iscrizione (oppure, la stessa non verr\u00e0 restituita ove gi\u00e0 corrisposta). L\u2019intera quota di iscrizione sar\u00e0 dovuta (o non verr\u00e0 restituita a seconda del caso) anche qualora si verifichi la mancata presenza\/partecipazione all\u2019evento\/corso da parte del partecipante in assenza della comunicazione di recesso nei termini di cui sopra. Ove il partecipante disdica la propria partecipazione nei termini di cui sopra, lo stesso avr\u00e0 diritto al rimborso della quota di partecipazione eventualmente gi\u00e0 corrisposta oppure, alternativamente, potr\u00e0 iscrivere un sostituto. In ogni caso, il partecipante potr\u00e0 iscrivere un sostituto purch\u00e9 il nominativo del medesimo venga trasmesso mediante comunicazione scritta almeno 1 giorno lavorativo prima della data dell&#8217;evento.<\/p><\/div><\/div>\t\t\t\t\t\t\t\t<\/div>\n\t\t\t\t\t<\/div>\n\t\t\t\t<\/div>\n\t\t\t\t<\/div>\n\t\t","protected":false},"excerpt":{"rendered":"<p>Quota di partecipazione La quota di adesione comprende la partecipazione all\u2019evento identificato nel presente modulo la relativa eventuale documentazione didattica in formato cartaceo e\/o elettronico a seconda del caso, nonch\u00e9 colazione e\/o coffee break (ove previsti). Diritto di recesso ed iscrizione sostituto Fatto salvo quanto previsto dal D.lgs. 206\/2005 in relazione al diritto di recesso [&hellip;]<\/p>\n","protected":false},"author":1,"featured_media":0,"parent":0,"menu_order":0,"comment_status":"closed","ping_status":"closed","template":"","meta":{"_acf_changed":false,"footnotes":""},"class_list":["post-997","page","type-page","status-publish","hentry"],"acf":[],"yoast_head":"<!-- This site is optimized with the Yoast SEO plugin v27.3 - https:\/\/yoast.com\/product\/yoast-seo-wordpress\/ -->\n<title>Termini e Condizioni - Italian Gaming Expo &amp; Conference<\/title>\n<meta name=\"robots\" content=\"index, follow, max-snippet:-1, max-image-preview:large, max-video-preview:-1\" \/>\n<link rel=\"canonical\" href=\"https:\/\/italiangamingexpo.com\/en\/termini-condizioni\/\" \/>\n<meta property=\"og:locale\" content=\"en_US\" \/>\n<meta property=\"og:type\" content=\"article\" \/>\n<meta property=\"og:title\" content=\"Termini e Condizioni - Italian Gaming Expo &amp; Conference\" \/>\n<meta property=\"og:description\" content=\"Quota di partecipazione La quota di adesione comprende la partecipazione all\u2019evento identificato nel presente modulo la relativa eventuale documentazione didattica in formato cartaceo e\/o elettronico a seconda del caso, nonch\u00e9 colazione e\/o coffee break (ove previsti). Diritto di recesso ed iscrizione sostituto Fatto salvo quanto previsto dal D.lgs. 206\/2005 in relazione al diritto di recesso [&hellip;]\" \/>\n<meta property=\"og:url\" content=\"https:\/\/italiangamingexpo.com\/en\/termini-condizioni\/\" \/>\n<meta property=\"og:site_name\" content=\"Italian Gaming Expo &amp; Conference\" \/>\n<meta name=\"twitter:card\" content=\"summary_large_image\" \/>\n<meta name=\"twitter:label1\" content=\"Est. reading time\" \/>\n\t<meta name=\"twitter:data1\" content=\"2 minutes\" \/>\n<script type=\"application\/ld+json\" class=\"yoast-schema-graph\">{\"@context\":\"https:\\\/\\\/schema.org\",\"@graph\":[{\"@type\":\"WebPage\",\"@id\":\"https:\\\/\\\/italiangamingexpo.com\\\/en\\\/termini-condizioni\\\/\",\"url\":\"https:\\\/\\\/italiangamingexpo.com\\\/en\\\/termini-condizioni\\\/\",\"name\":\"Termini e Condizioni - Italian Gaming Expo &amp; Conference\",\"isPartOf\":{\"@id\":\"https:\\\/\\\/italiangamingexpo.com\\\/en\\\/#website\"},\"datePublished\":\"2025-07-22T12:28:44+00:00\",\"breadcrumb\":{\"@id\":\"https:\\\/\\\/italiangamingexpo.com\\\/en\\\/termini-condizioni\\\/#breadcrumb\"},\"inLanguage\":\"en-US\",\"potentialAction\":[{\"@type\":\"ReadAction\",\"target\":[\"https:\\\/\\\/italiangamingexpo.com\\\/en\\\/termini-condizioni\\\/\"]}]},{\"@type\":\"BreadcrumbList\",\"@id\":\"https:\\\/\\\/italiangamingexpo.com\\\/en\\\/termini-condizioni\\\/#breadcrumb\",\"itemListElement\":[{\"@type\":\"ListItem\",\"position\":1,\"name\":\"Home\",\"item\":\"https:\\\/\\\/italiangamingexpo.com\\\/en\\\/\"},{\"@type\":\"ListItem\",\"position\":2,\"name\":\"Termini e Condizioni\"}]},{\"@type\":\"WebSite\",\"@id\":\"https:\\\/\\\/italiangamingexpo.com\\\/en\\\/#website\",\"url\":\"https:\\\/\\\/italiangamingexpo.com\\\/en\\\/\",\"name\":\"Italian Gaming Expo & Conference\",\"description\":\"\",\"publisher\":{\"@id\":\"https:\\\/\\\/italiangamingexpo.com\\\/en\\\/#organization\"},\"potentialAction\":[{\"@type\":\"SearchAction\",\"target\":{\"@type\":\"EntryPoint\",\"urlTemplate\":\"https:\\\/\\\/italiangamingexpo.com\\\/en\\\/?s={search_term_string}\"},\"query-input\":{\"@type\":\"PropertyValueSpecification\",\"valueRequired\":true,\"valueName\":\"search_term_string\"}}],\"inLanguage\":\"en-US\"},{\"@type\":\"Organization\",\"@id\":\"https:\\\/\\\/italiangamingexpo.com\\\/en\\\/#organization\",\"name\":\"Italian Gaming Expo & Conference\",\"url\":\"https:\\\/\\\/italiangamingexpo.com\\\/en\\\/\",\"logo\":{\"@type\":\"ImageObject\",\"inLanguage\":\"en-US\",\"@id\":\"https:\\\/\\\/italiangamingexpo.com\\\/en\\\/#\\\/schema\\\/logo\\\/image\\\/\",\"url\":\"https:\\\/\\\/italiangamingexpo.com\\\/wp-content\\\/uploads\\\/2025\\\/07\\\/25ad0151-node_5ac58ade-node_ige-logo2_Medium_Thumbnail-1.png\",\"contentUrl\":\"https:\\\/\\\/italiangamingexpo.com\\\/wp-content\\\/uploads\\\/2025\\\/07\\\/25ad0151-node_5ac58ade-node_ige-logo2_Medium_Thumbnail-1.png\",\"width\":250,\"height\":145,\"caption\":\"Italian Gaming Expo & Conference\"},\"image\":{\"@id\":\"https:\\\/\\\/italiangamingexpo.com\\\/en\\\/#\\\/schema\\\/logo\\\/image\\\/\"}}]}<\/script>\n<!-- \/ Yoast SEO plugin. -->","yoast_head_json":{"title":"Termini e Condizioni - Italian Gaming Expo &amp; Conference","robots":{"index":"index","follow":"follow","max-snippet":"max-snippet:-1","max-image-preview":"max-image-preview:large","max-video-preview":"max-video-preview:-1"},"canonical":"https:\/\/italiangamingexpo.com\/en\/termini-condizioni\/","og_locale":"en_US","og_type":"article","og_title":"Termini e Condizioni - Italian Gaming Expo &amp; Conference","og_description":"Quota di partecipazione La quota di adesione comprende la partecipazione all\u2019evento identificato nel presente modulo la relativa eventuale documentazione didattica in formato cartaceo e\/o elettronico a seconda del caso, nonch\u00e9 colazione e\/o coffee break (ove previsti). Diritto di recesso ed iscrizione sostituto Fatto salvo quanto previsto dal D.lgs. 206\/2005 in relazione al diritto di recesso [&hellip;]","og_url":"https:\/\/italiangamingexpo.com\/en\/termini-condizioni\/","og_site_name":"Italian Gaming Expo &amp; Conference","twitter_card":"summary_large_image","twitter_misc":{"Est. reading time":"2 minutes"},"schema":{"@context":"https:\/\/schema.org","@graph":[{"@type":"WebPage","@id":"https:\/\/italiangamingexpo.com\/en\/termini-condizioni\/","url":"https:\/\/italiangamingexpo.com\/en\/termini-condizioni\/","name":"Termini e Condizioni - Italian Gaming Expo &amp; Conference","isPartOf":{"@id":"https:\/\/italiangamingexpo.com\/en\/#website"},"datePublished":"2025-07-22T12:28:44+00:00","breadcrumb":{"@id":"https:\/\/italiangamingexpo.com\/en\/termini-condizioni\/#breadcrumb"},"inLanguage":"en-US","potentialAction":[{"@type":"ReadAction","target":["https:\/\/italiangamingexpo.com\/en\/termini-condizioni\/"]}]},{"@type":"BreadcrumbList","@id":"https:\/\/italiangamingexpo.com\/en\/termini-condizioni\/#breadcrumb","itemListElement":[{"@type":"ListItem","position":1,"name":"Home","item":"https:\/\/italiangamingexpo.com\/en\/"},{"@type":"ListItem","position":2,"name":"Termini e Condizioni"}]},{"@type":"WebSite","@id":"https:\/\/italiangamingexpo.com\/en\/#website","url":"https:\/\/italiangamingexpo.com\/en\/","name":"Italian Gaming Expo & Conference","description":"","publisher":{"@id":"https:\/\/italiangamingexpo.com\/en\/#organization"},"potentialAction":[{"@type":"SearchAction","target":{"@type":"EntryPoint","urlTemplate":"https:\/\/italiangamingexpo.com\/en\/?s={search_term_string}"},"query-input":{"@type":"PropertyValueSpecification","valueRequired":true,"valueName":"search_term_string"}}],"inLanguage":"en-US"},{"@type":"Organization","@id":"https:\/\/italiangamingexpo.com\/en\/#organization","name":"Italian Gaming Expo & Conference","url":"https:\/\/italiangamingexpo.com\/en\/","logo":{"@type":"ImageObject","inLanguage":"en-US","@id":"https:\/\/italiangamingexpo.com\/en\/#\/schema\/logo\/image\/","url":"https:\/\/italiangamingexpo.com\/wp-content\/uploads\/2025\/07\/25ad0151-node_5ac58ade-node_ige-logo2_Medium_Thumbnail-1.png","contentUrl":"https:\/\/italiangamingexpo.com\/wp-content\/uploads\/2025\/07\/25ad0151-node_5ac58ade-node_ige-logo2_Medium_Thumbnail-1.png","width":250,"height":145,"caption":"Italian Gaming Expo & Conference"},"image":{"@id":"https:\/\/italiangamingexpo.com\/en\/#\/schema\/logo\/image\/"}}]}},"_links":{"self":[{"href":"https:\/\/italiangamingexpo.com\/en\/wp-json\/wp\/v2\/pages\/997","targetHints":{"allow":["GET"]}}],"collection":[{"href":"https:\/\/italiangamingexpo.com\/en\/wp-json\/wp\/v2\/pages"}],"about":[{"href":"https:\/\/italiangamingexpo.com\/en\/wp-json\/wp\/v2\/types\/page"}],"author":[{"embeddable":true,"href":"https:\/\/italiangamingexpo.com\/en\/wp-json\/wp\/v2\/users\/1"}],"replies":[{"embeddable":true,"href":"https:\/\/italiangamingexpo.com\/en\/wp-json\/wp\/v2\/comments?post=997"}],"version-history":[{"count":0,"href":"https:\/\/italiangamingexpo.com\/en\/wp-json\/wp\/v2\/pages\/997\/revisions"}],"wp:attachment":[{"href":"https:\/\/italiangamingexpo.com\/en\/wp-json\/wp\/v2\/media?parent=997"}],"curies":[{"name":"wp","href":"https:\/\/api.w.org\/{rel}","templated":true}]}}